{"id":969,"date":"2026-02-04T06:14:58","date_gmt":"2026-02-04T05:14:58","guid":{"rendered":"https:\/\/gettordox.com\/?page_id=969"},"modified":"2026-03-23T21:35:53","modified_gmt":"2026-03-23T20:35:53","slug":"tordox-organizational-control-system","status":"publish","type":"page","link":"https:\/\/gettordox.com\/","title":{"rendered":""},"content":{"rendered":"\n<h2 class=\"wp-block-heading has-text-align-center has-text-color has-link-color wp-elements-fcd26fd0b0a6dc8392b57c51a6302d91\" style=\"color:#ffe397\">Most teams don\u2019t lose control because people are lazy.<\/h2>\n\n\n\n<p class=\"has-text-align-center\">They lose control because decisions are never recorded.<\/p>\n\n\n\n<p class=\"has-text-align-center\">Work starts in Slack.<\/p>\n\n\n\n<p class=\"has-text-align-center\">Decisions happen in meetings.<\/p>\n\n\n\n<p class=\"has-text-align-center\">Ownership disappears when someone leaves.<\/p>\n\n\n\n<p class=\"has-text-align-center\">This system brings control back.<\/p>\n\n\n\n<p><\/p>\n\n\n\n<div class=\"wp-block-buttons is-content-justification-center is-layout-flex wp-container-core-buttons-is-layout-fa954f39 wp-block-buttons-is-layout-flex\" style=\"padding-top:0;padding-right:0;padding-bottom:0;padding-left:0\">\n<div class=\"wp-block-button\"><a class=\"wp-block-button__link has-text-align-center wp-element-button\" href=\"https:\/\/tordox.gumroad.com\/l\/vugxvu\" target=\"_blank\" rel=\"noreferrer noopener\">View the system<\/a><\/div>\n<\/div>\n\n\n\n<figure class=\"wp-block-video\"><video height=\"1080\" style=\"aspect-ratio: 1920 \/ 1080;\" width=\"1920\" controls src=\"https:\/\/gettordox.com\/wp-content\/uploads\/2026\/03\/Organization-control-system-na-str-www-NOWY.mp4\"><\/video><\/figure>\n\n\n\n<p class=\"has-text-align-center has-text-color has-link-color wp-elements-90763f3a7471747469c6018d22ea1a70\" style=\"color:#ffe397\"><br>One-time purchase \u2022 Lifetime access \u2022 No subscription<\/p>\n\n\n\n<p class=\"has-text-align-center\">What this actually looks like inside most companies:<\/p>\n\n\n\n<p class=\"has-text-align-center\">\u2022 Requests come from everywhere<\/p>\n\n\n\n<p class=\"has-text-align-center\">\u2022 Work starts without clear approval<\/p>\n\n\n\n<p class=\"has-text-align-center\">\u2022 Decisions are made but never written down<\/p>\n\n\n\n<p class=\"has-text-align-center\">\u2022 Scope changes without visibility<\/p>\n\n\n\n<p class=\"has-text-align-center\">\u2022 Ownership vanishes when people change roles<\/p>\n\n\n\n<p class=\"has-text-align-center\">This is not a productivity problem.<\/p>\n\n\n\n<p class=\"has-text-align-center\">It\u2019s a control problem.<\/p>\n\n\n\n<p class=\"has-text-align-center has-text-color has-link-color wp-elements-d2f0e7d09833b024c88b92b902241448\" style=\"color:#ffe397\">One rule changes everything:<\/p>\n\n\n\n<p class=\"has-text-align-center has-text-color has-link-color wp-elements-156bca692ffcf38bc812cec2152c564a\" style=\"color:#ffe397\">If work is not recorded, it does not officially exist.<\/p>\n\n\n\n<p class=\"has-text-align-center\">No record = no work<\/p>\n\n\n\n<p class=\"has-text-align-center\">No decision record = no approval<\/p>\n\n\n\n<p class=\"has-text-align-center\">No owner = no responsibility<\/p>\n\n\n\n<p class=\"has-text-align-center\">This is not another tool.<\/p>\n\n\n\n<p class=\"has-text-align-center\">It is a structured control system that records:<\/p>\n\n\n\n<h2 class=\"wp-block-heading has-text-align-center has-medium-font-size\"><strong>Three layers govern the organization:<\/strong><\/h2>\n\n\n\n<div class=\"wp-block-columns is-layout-flex wp-container-core-columns-is-layout-28f84493 wp-block-columns-is-layout-flex\">\n<div class=\"wp-block-column is-layout-flow wp-block-column-is-layout-flow\" style=\"flex-basis:100%\">\n<div class=\"wp-block-group alignwide is-content-justification-center is-nowrap is-layout-flex wp-container-core-group-is-layout-23441af8 wp-block-group-is-layout-flex\">\n<p class=\"has-text-align-center\">\u2022 work<\/p>\n\n\n\n<p class=\"has-text-align-center\">\u2022 decisions<\/p>\n\n\n\n<p class=\"has-text-align-center\">\u2022 ownership<\/p>\n<\/div>\n<\/div>\n<\/div>\n\n\n\n<div class=\"wp-block-group is-vertical is-content-justification-center is-layout-flex wp-container-core-group-is-layout-6363bf74 wp-block-group-is-layout-flex\">\n<div class=\"wp-block-columns alignwide are-vertically-aligned-top is-not-stacked-on-mobile is-layout-flex wp-container-core-columns-is-layout-28f84493 wp-block-columns-is-layout-flex\">\n<div class=\"wp-block-column is-vertically-aligned-top is-layout-flow wp-block-column-is-layout-flow\" style=\"flex-basis:33.33%\">\n<p class=\"has-text-align-center\" style=\"font-size:clamp(14px, 0.875rem + ((1vw - 3.2px) * 0.078), 15px);\">Core \u2014 Controls how work enters and is executed<\/p>\n<\/div>\n\n\n\n<div class=\"wp-block-column is-vertically-aligned-top is-layout-flow wp-block-column-is-layout-flow\" style=\"flex-basis:33.33%\">\n<p class=\"has-text-align-center\" style=\"font-size:clamp(14px, 0.875rem + ((1vw - 3.2px) * 0.078), 15px);\">Pro \u2014 Controls how decisions are evaluated and recorded<\/p>\n<\/div>\n\n\n\n<div class=\"wp-block-column is-vertically-aligned-top is-layout-flow wp-block-column-is-layout-flow\" style=\"flex-basis:33.33%\">\n<p class=\"has-text-align-center\" style=\"font-size:clamp(14px, 0.875rem + ((1vw - 3.2px) * 0.078), 15px);\">Full \u2014 Establishes authority, escalation, and long-term governance<\/p>\n<\/div>\n<\/div>\n<\/div>\n\n\n\n<p class=\"has-text-align-center\">Without this structure, decisions remain invisible and accountability fades over time.<\/p>\n\n\n\n<hr class=\"wp-block-separator has-alpha-channel-opacity\"\/>\n\n\n\n<div class=\"wp-block-media-text is-stacked-on-mobile\"><figure class=\"wp-block-media-text__media\"><img loading=\"lazy\" decoding=\"async\" width=\"683\" height=\"1024\" src=\"https:\/\/gettordox.com\/wp-content\/uploads\/2026\/03\/cennik-1-683x1024.jpg\" alt=\"\" class=\"wp-image-1520 size-full\" srcset=\"https:\/\/gettordox.com\/wp-content\/uploads\/2026\/03\/cennik-1-683x1024.jpg 683w, https:\/\/gettordox.com\/wp-content\/uploads\/2026\/03\/cennik-1-200x300.jpg 200w, https:\/\/gettordox.com\/wp-content\/uploads\/2026\/03\/cennik-1-768x1152.jpg 768w, https:\/\/gettordox.com\/wp-content\/uploads\/2026\/03\/cennik-1.jpg 1024w\" sizes=\"auto, (max-width: 683px) 100vw, 683px\" \/><\/figure><div class=\"wp-block-media-text__content\">\n<div class=\"wp-block-buttons has-custom-font-size has-small-font-size is-content-justification-left is-layout-flex wp-container-core-buttons-is-layout-fc4fd283 wp-block-buttons-is-layout-flex\">\n<div class=\"wp-block-button\"><a class=\"wp-block-button__link has-background wp-element-button\" href=\"https:\/\/tordox.gumroad.com\/l\/vugxvu\" style=\"background-color:#216e00\" target=\"_blank\" rel=\"noreferrer noopener\">CORE $299<\/a><\/div>\n\n\n\n<div class=\"wp-block-button\"><a class=\"wp-block-button__link has-background wp-element-button\" href=\"https:\/\/tordox.gumroad.com\/l\/skonsr\" style=\"background-color:#966400\" target=\"_blank\" rel=\"noreferrer noopener\">PRO $799<\/a><\/div>\n\n\n\n<div class=\"wp-block-button\"><a class=\"wp-block-button__link has-background has-text-align-center wp-element-button\" href=\"https:\/\/tordox.gumroad.com\/l\/lsbhrz\" style=\"background-color:#710000\" target=\"_blank\" rel=\"noreferrer noopener\">FULL $1499<\/a><\/div>\n<\/div>\n\n\n\n<hr class=\"wp-block-separator has-alpha-channel-opacity is-style-wide\"\/>\n\n\n\n<p>The system grows with your organization.<\/p>\n\n\n\n<p class=\"has-text-align-left\">Start with the Core layer that controls how work enters the company.<\/p>\n\n\n\n<p>As organizations scale, additional layers introduce decision governance and organizational authority.<\/p>\n<\/div><\/div>\n\n\n\n<hr class=\"wp-block-separator has-alpha-channel-opacity\"\/>\n\n\n\n<p><br>What this actually looks like in practice:<\/p>\n\n\n\n<figure class=\"wp-block-gallery has-nested-images columns-1 is-cropped wp-block-gallery-1 is-layout-flex wp-block-gallery-is-layout-flex\">\n<figure class=\"wp-block-image size-large\"><img loading=\"lazy\" decoding=\"async\" width=\"1024\" height=\"640\" data-id=\"1555\" src=\"https:\/\/gettordox.com\/wp-content\/uploads\/2026\/03\/1-1024x640.jpg\" alt=\"\" class=\"wp-image-1555\" srcset=\"https:\/\/gettordox.com\/wp-content\/uploads\/2026\/03\/1-1024x640.jpg 1024w, https:\/\/gettordox.com\/wp-content\/uploads\/2026\/03\/1-300x188.jpg 300w, https:\/\/gettordox.com\/wp-content\/uploads\/2026\/03\/1-768x480.jpg 768w, https:\/\/gettordox.com\/wp-content\/uploads\/2026\/03\/1-1536x960.jpg 1536w, https:\/\/gettordox.com\/wp-content\/uploads\/2026\/03\/1.jpg 1600w\" sizes=\"auto, (max-width: 1024px) 100vw, 1024px\" \/><\/figure>\n\n\n\n<figure class=\"wp-block-image size-large\"><img loading=\"lazy\" decoding=\"async\" width=\"1024\" height=\"640\" data-id=\"1556\" src=\"https:\/\/gettordox.com\/wp-content\/uploads\/2026\/03\/2-1024x640.jpg\" alt=\"\" class=\"wp-image-1556\" srcset=\"https:\/\/gettordox.com\/wp-content\/uploads\/2026\/03\/2-1024x640.jpg 1024w, https:\/\/gettordox.com\/wp-content\/uploads\/2026\/03\/2-300x188.jpg 300w, https:\/\/gettordox.com\/wp-content\/uploads\/2026\/03\/2-768x480.jpg 768w, https:\/\/gettordox.com\/wp-content\/uploads\/2026\/03\/2-1536x960.jpg 1536w, https:\/\/gettordox.com\/wp-content\/uploads\/2026\/03\/2.jpg 1600w\" sizes=\"auto, (max-width: 1024px) 100vw, 1024px\" \/><\/figure>\n\n\n\n<figure class=\"wp-block-image size-large\"><img loading=\"lazy\" decoding=\"async\" width=\"1024\" height=\"640\" data-id=\"1557\" src=\"https:\/\/gettordox.com\/wp-content\/uploads\/2026\/03\/4-1024x640.jpg\" alt=\"\" class=\"wp-image-1557\" srcset=\"https:\/\/gettordox.com\/wp-content\/uploads\/2026\/03\/4-1024x640.jpg 1024w, https:\/\/gettordox.com\/wp-content\/uploads\/2026\/03\/4-300x188.jpg 300w, https:\/\/gettordox.com\/wp-content\/uploads\/2026\/03\/4-768x480.jpg 768w, https:\/\/gettordox.com\/wp-content\/uploads\/2026\/03\/4-1536x960.jpg 1536w, https:\/\/gettordox.com\/wp-content\/uploads\/2026\/03\/4.jpg 1600w\" sizes=\"auto, (max-width: 1024px) 100vw, 1024px\" \/><\/figure>\n<\/figure>\n\n\n\n<p class=\"has-text-align-center\">These are real system records used every week to track requests, decisions, and ownership.<\/p>\n\n\n\n<p class=\"has-text-align-center\">Most teams never see their work and decisions structured like this.<\/p>\n\n\n\n<p class=\"has-text-align-center\">This is not theory.<\/p>\n\n\n\n<p class=\"has-text-align-center\">This is how control looks when it\u2019s written down.<\/p>\n\n\n\n<p class=\"has-text-align-center\">Every initiative follows the same path:<\/p>\n\n\n\n<p class=\"has-text-align-center\">Request \u2192 Decision \u2192 Execution \u2192 Review \u2192 Ownership<\/p>\n\n\n\n<p class=\"has-text-align-center\">If a step is missing, control is lost.<\/p>\n\n\n\n<p class=\"has-text-align-center\">This is for:<\/p>\n\n\n\n<p class=\"has-text-align-center\">\u2022 Agencies managing multiple clients<\/p>\n\n\n\n<p class=\"has-text-align-center\">\u2022 Teams scaling beyond informal coordination<\/p>\n\n\n\n<p class=\"has-text-align-center\">\u2022 Founders losing visibility over decisions<\/p>\n\n\n\n<p class=\"has-text-align-center\">Access levels:<\/p>\n\n\n\n<p class=\"has-text-align-center\">Core \u2014 $299<\/p>\n\n\n\n<p class=\"has-text-align-center\">Pro \u2014 $799<\/p>\n\n\n\n<p class=\"has-text-align-center\">Full \u2014 $1499<\/p>\n\n\n\n<p class=\"has-text-align-center\">One-time payment \u2022 Lifetime access \u2022 No subscriptions<\/p>\n\n\n\n<div class=\"wp-block-buttons is-content-justification-center is-layout-flex wp-container-core-buttons-is-layout-fa954f39 wp-block-buttons-is-layout-flex\" style=\"padding-top:0;padding-right:0;padding-bottom:0;padding-left:0\">\n<div class=\"wp-block-button\"><a class=\"wp-block-button__link has-background has-text-align-center wp-element-button\" href=\"https:\/\/tordox.gumroad.com\/l\/lsbhrz\" style=\"background-color:#710000\" target=\"_blank\" rel=\"noreferrer noopener\">Get full system access<\/a><\/div>\n<\/div>\n\n\n\n<p><\/p>\n","protected":false},"excerpt":{"rendered":"<p>Most teams don\u2019t lose control because people are lazy. They lose control because decisions are never recorded. Work starts in Slack. Decisions happen in meetings. Ownership disappears when someone leaves. This system brings control back. One-time purchase \u2022 Lifetime access \u2022 No subscription What this actually looks like inside most companies: \u2022 Requests come from [&hellip;]<\/p>\n","protected":false},"author":1,"featured_media":1536,"parent":0,"menu_order":0,"comment_status":"closed","ping_status":"closed","template":"","meta":{"footnotes":""},"class_list":["post-969","page","type-page","status-publish","has-post-thumbnail","hentry"],"blocksy_meta":{"disable_footer":"no","disable_featured_image":"yes","disable_header":"yes","styles_descriptor":{"styles":{"desktop":"","tablet":"","mobile":""},"google_fonts":[],"version":6},"has_hero_section":"disabled","hero_elements":[{"id":"custom_title","enabled":true,"heading_tag":"h1","title":"Strona g\u0142\u00f3wna","__id":"ar_t3YUhEY_R7oEFdxp90"},{"id":"custom_description","enabled":true,"description_visibility":{"desktop":true,"tablet":true,"mobile":false},"__id":"UcQBGw99VSIr7Zx15xLsz"},{"id":"custom_meta","enabled":false,"meta_elements":[{"id":"author","enabled":true,"label":"Przez","has_author_avatar":"yes","avatar_size":25},{"id":"post_date","enabled":true,"label":"W\u0142\u0105cz","date_format_source":"default","date_format":"M j, Y"},{"id":"updated_date","enabled":false,"label":"W\u0142\u0105cz","date_format_source":"default","date_format":"M j, Y"},{"id":"categories","enabled":false,"label":"W","style":"simple"},{"id":"comments","enabled":true}],"page_meta_elements":{"joined":true,"articles_count":true,"comments":true},"__id":"3pnW3P0RTqLZop9TsWOAy"},{"id":"breadcrumbs","enabled":false,"__id":"wR2s6YIUvvsxmdeXd-iBH"}],"hero_section":"type-1","disable_share_box":"yes","page_structure_type":"default","vertical_spacing_source":"custom","content_area_spacing":"bottom"},"_links":{"self":[{"href":"https:\/\/gettordox.com\/index.php?rest_route=\/wp\/v2\/pages\/969","targetHints":{"allow":["GET"]}}],"collection":[{"href":"https:\/\/gettordox.com\/index.php?rest_route=\/wp\/v2\/pages"}],"about":[{"href":"https:\/\/gettordox.com\/index.php?rest_route=\/wp\/v2\/types\/page"}],"author":[{"embeddable":true,"href":"https:\/\/gettordox.com\/index.php?rest_route=\/wp\/v2\/users\/1"}],"replies":[{"embeddable":true,"href":"https:\/\/gettordox.com\/index.php?rest_route=%2Fwp%2Fv2%2Fcomments&post=969"}],"version-history":[{"count":110,"href":"https:\/\/gettordox.com\/index.php?rest_route=\/wp\/v2\/pages\/969\/revisions"}],"predecessor-version":[{"id":1560,"href":"https:\/\/gettordox.com\/index.php?rest_route=\/wp\/v2\/pages\/969\/revisions\/1560"}],"wp:featuredmedia":[{"embeddable":true,"href":"https:\/\/gettordox.com\/index.php?rest_route=\/wp\/v2\/media\/1536"}],"wp:attachment":[{"href":"https:\/\/gettordox.com\/index.php?rest_route=%2Fwp%2Fv2%2Fmedia&parent=969"}],"curies":[{"name":"wp","href":"https:\/\/api.w.org\/{rel}","templated":true}]}}